{"id":59,"date":"2023-09-15T20:00:18","date_gmt":"2023-09-15T20:00:18","guid":{"rendered":"https:\/\/courtspadel.com\/?page_id=59"},"modified":"2025-09-28T17:49:19","modified_gmt":"2025-09-28T15:49:19","slug":"elite-padel-court","status":"publish","type":"page","link":"https:\/\/padelmaster.co\/index.php\/elite-padel-court\/","title":{"rendered":"Elite"},"content":{"rendered":"<section class=\"l-section wpb_row us_custom_ff945b35 height_medium\"><div class=\"l-section-h i-cf\"><div class=\"g-cols vc_row via_grid cols_1 laptops-cols_inherit tablets-cols_inherit mobiles-cols_1 valign_top type_default stacking_default\" style=\"--columns-gap:calc(3rem + 10);\"><div class=\"wpb_column vc_column_container\"><div class=\"vc_column-inner\">[rev_slider slidertitle=\u00bbelite fondo grande\u00bb alias=\u00bbpro-court-23-1&#8243;]<\/div><\/div><\/div><\/div><\/section><section class=\"l-section wpb_row us_custom_1bd49903 height_medium\"><div class=\"l-section-h i-cf\"><div class=\"g-cols vc_row via_grid cols_2 laptops-cols_inherit tablets-cols_inherit mobiles-cols_1 valign_top type_default stacking_default\"><div class=\"wpb_column vc_column_container\"><div class=\"vc_column-inner\">[vc_empty_space]<div class=\"wpb_text_column texto\"><div class=\"wpb_wrapper\"><h4><span style=\"color: #000000;\">CANCHA DE PADEL PANORAMIC\u00a0<\/span><\/h4>\n<\/div><\/div>[vc_single_image image=\u00bb142&#8243; img_size=\u00bbfull\u00bb][vc_empty_space]<div class=\"wpb_text_column texto\"><div class=\"wpb_wrapper\"><div id=\"tw-target-text-container\" class=\"tw-ta-container F0azHf tw-nfl\" tabindex=\"0\">\n<h6>ESPECIFICA\u00c7\u00d5ES DO TRIBUNAL GERAL<\/h6>\n<\/div>\n<ul>\n<li><span class=\"color_14\">8 caixilhos laterais de 3000x2000mm em a\u00e7o galvanizado S235JR de 80&#215;40 e perfis interiores horizontais de a\u00e7o galvanizado de 50x5mm revestidos com malha de a\u00e7o galvanizado electrossoldado de 50x50x4 mm. A estrutura destes caixilhos \u00e9 fixada ao solo por meio de parafusos de expans\u00e3o em bases de 10 mm de espessura.<br \/>\n<\/span><\/li>\n<li><span class=\"color_14\">4 caixilhos para port\u00f5es em sec\u00e7\u00e3o de porta em m\u00f3dulos de 3000&#215;100 mm em perfil de a\u00e7o galvanizado S235JR 60&#215;40 e revestidos com tela eletrossoldada galvanizada 50x50x4mm. A estrutura \u00e9 ancorada em p\u00f3rticos com placas de 10 mm.<br \/>\n<\/span><\/li>\n<li><span class=\"color_14\">2 m\u00f3dulos de 2000x800mm em perfil galvanizado 80&#215;40 revestidos com tela galvanizada eletrossoldada 50x50x4mm para a parte superior dos dois acessos ao campo de paddle.<br \/>\n<\/span><\/li>\n<li><span class=\"color_14\">Anel superior do trilho para fixa\u00e7\u00e3o de vidros de 12 mm composto por perfil de a\u00e7o galvanizado S235JR 150x50x3mm.<br \/>\n<\/span><\/li>\n<li><span class=\"color_14\">30 metros lineares de perfil estrutural galvanizado 80x40x2mm para fixa\u00e7\u00e3o inferior do vidro da quadra de paddle.<br \/>\n<\/span><\/li>\n<li><span class=\"color_14\">4 pilares de canto em perfil tubular ou circular em a\u00e7o galvanizado S235JR de 2 polegadas, 4 mil\u00edmetros de espessura. A estrutura \u00e9 ancorada em placas de 10 mm por meio de chumbadores.<br \/>\n<\/span><\/li>\n<li><span class=\"color_14\">4 pilares de lumin\u00e1rias p\u00fablicas de 6 metros de altura em perfil galvanizado 150x50x3 mm.<br \/>\n<\/span><\/li>\n<li><span class=\"color_14\">O nosso campo cumpre todas as normas relativas ao paddle, qualidade, certifica\u00e7\u00f5es e acess\u00f3rios para o exerc\u00edcio profissional do paddle.<\/span><\/li>\n<\/ul>\n<\/div><\/div>[vc_empty_space]<\/div><\/div><div class=\"wpb_column vc_column_container\"><div class=\"vc_column-inner\">[vc_empty_space]<div class=\"wpb_text_column texto\"><div class=\"wpb_wrapper\"><h4><span style=\"color: #000000;\">ESPECIFICACIONES<\/span><\/h4>\n<\/div><\/div>[vc_single_image image=\u00bb53&#8243; img_size=\u00bbfull\u00bb][vc_empty_space]<div class=\"wpb_text_column texto\"><div class=\"wpb_wrapper\"><h6><span style=\"color: #000000;\">CRISTAIS<br \/>\n<\/span><\/h6>\n<ul>\n<li><span class=\"color_14\">18 pe\u00e7as de pain\u00e9is de vidro temperado com 12 mm de espessura, que atendem aos regulamentos da Federa\u00e7\u00e3o Internacional de Paddle.<br \/>\n<\/span><\/li>\n<\/ul>\n<\/div><\/div><div class=\"wpb_text_column texto\"><div class=\"wpb_wrapper\"><h6><span style=\"color: #000000;\">GRAMA SINT\u00c9TICA<br \/>\n<\/span><\/h6>\n<ul>\n<li><span class=\"color_14\">Relva artificial de competi\u00e7\u00e3o de \u00faltima gera\u00e7\u00e3o com 12 mm de textura alta (9000dtex).<br \/>\n<\/span><\/li>\n<\/ul>\n<ul>\n<li><span class=\"color_14\">Areia s\u00edlica com granulometria conforme padr\u00f5es internacionais, mailer e adesivo bicomponente.<br \/>\n<\/span><\/li>\n<\/ul>\n<\/div><\/div><div class=\"wpb_text_column texto\"><div class=\"wpb_wrapper\"><h6>PINTURA E TRATAMENTO DE QUADRAS DE PADEL<\/h6>\n<ul>\n<li><span class=\"color_14\">Todas as nossas quadras de luxo s\u00e3o galvanizadas em zinco a quente e posteriormente repintadas com tinta em p\u00f3 e tratadas em fornos de pintura.<br \/>\n<\/span><\/li>\n<\/ul>\n<\/div><\/div><div class=\"wpb_text_column texto\"><div class=\"wpb_wrapper\"><h6><span style=\"color: #000000;\">TORNILLERIA<\/span><\/h6>\n<ul>\n<li><span class=\"color_14\">Todos os parafusos e acess\u00f3rios dos nossos trilhos s\u00e3o feitos de a\u00e7o inoxid\u00e1vel. Al\u00e9m disso, nossas pe\u00e7as s\u00e3o cobertas com capas pl\u00e1sticas adicionais.<br \/>\n<\/span><\/li>\n<\/ul>\n<\/div><\/div><div class=\"wpb_text_column texto\"><div class=\"wpb_wrapper\"><h6><span style=\"color: #000000;\">RAIO<br \/>\n<\/span><\/h6>\n<ul>\n<li>\u00a0 Nossa trilha \u00fanica usa 12 luzes LED de 150 watts para ilumina\u00e7\u00e3o.<br \/>\nMinera\u00e7\u00e3o profissional e de \u00faltima gera\u00e7\u00e3o em economia, ilumina\u00e7\u00e3o, qualidade e homogeneidade de luz.<\/li>\n<\/ul>\n<\/div><\/div><\/div><\/div><\/div><\/div><\/section><section class=\"l-section wpb_row us_custom_c5e85c19 height_medium\"><div class=\"l-section-h i-cf\"><div class=\"g-cols vc_row via_grid cols_1 laptops-cols_inherit tablets-cols_inherit mobiles-cols_1 valign_top type_default stacking_default\"><div class=\"wpb_column vc_column_container\"><div class=\"vc_column-inner\">[vc_single_image image=\u00bb382&#8243; img_size=\u00bbfull\u00bb alignment=\u00bbcenter\u00bb]<\/div><\/div><\/div><\/div><\/section>\n","protected":false},"excerpt":{"rendered":"[rev_slider slidertitle=\"elite fondo grande\" alias=\"pro-court-23-1\"][vc_empty_space]CANCHA DE PADEL PANORAMIC\u00a0 [vc_single_image image=\"142\" img_size=\"full\"][vc_empty_space] ESPECIFICA\u00c7\u00d5ES DO TRIBUNAL GERAL 8 caixilhos laterais de 3000x2000mm em a\u00e7o galvanizado S235JR de 80&#215;40 e perfis interiores horizontais de a\u00e7o galvanizado de 50x5mm revestidos com malha de a\u00e7o galvanizado electrossoldado de 50x50x4 mm. A estrutura destes caixilhos \u00e9 fixada ao solo por meio...","protected":false},"author":1,"featured_media":0,"parent":0,"menu_order":0,"comment_status":"closed","ping_status":"closed","template":"","meta":{"footnotes":""},"class_list":["post-59","page","type-page","status-publish","hentry"],"aioseo_notices":[],"_links":{"self":[{"href":"https:\/\/padelmaster.co\/index.php\/wp-json\/wp\/v2\/pages\/59","targetHints":{"allow":["GET"]}}],"collection":[{"href":"https:\/\/padelmaster.co\/index.php\/wp-json\/wp\/v2\/pages"}],"about":[{"href":"https:\/\/padelmaster.co\/index.php\/wp-json\/wp\/v2\/types\/page"}],"author":[{"embeddable":true,"href":"https:\/\/padelmaster.co\/index.php\/wp-json\/wp\/v2\/users\/1"}],"replies":[{"embeddable":true,"href":"https:\/\/padelmaster.co\/index.php\/wp-json\/wp\/v2\/comments?post=59"}],"version-history":[{"count":6,"href":"https:\/\/padelmaster.co\/index.php\/wp-json\/wp\/v2\/pages\/59\/revisions"}],"predecessor-version":[{"id":689,"href":"https:\/\/padelmaster.co\/index.php\/wp-json\/wp\/v2\/pages\/59\/revisions\/689"}],"wp:attachment":[{"href":"https:\/\/padelmaster.co\/index.php\/wp-json\/wp\/v2\/media?parent=59"}],"curies":[{"name":"wp","href":"https:\/\/api.w.org\/{rel}","templated":true}]}}